{"id":2,"date":"2024-04-14T11:45:39","date_gmt":"2024-04-14T11:45:39","guid":{"rendered":"https:\/\/stories.ahala.org\/?page_id=2"},"modified":"2024-04-16T19:03:15","modified_gmt":"2024-04-16T17:03:15","slug":"introduction","status":"publish","type":"page","link":"https:\/\/stories.ahala.org\/index.php\/introduction\/","title":{"rendered":"Bemutatkozom"},"content":{"rendered":"\n<p>Mindig is im\u00e1dtam t\u00f6rt\u00e9neteket mes\u00e9lni magamnak! N\u00e9ha menek\u00fcl\u00e9s volt a val\u00f3s\u00e1g el\u0151l, m\u00e1skor pedig egyszer\u0171en \u00e9rdekelt, hogyan is m\u0171k\u00f6dik az elk\u00e9pzelt vil\u00e1gom. Egy eg\u00e9sz univerzum! \u00c9s az \u0171rben, h\u00e1t persze, hogy az \u0171rben! Olykor csillog\u00f3, frissen \u00e9p\u00edtett hatalmas csatahaj\u00f3k h\u00eddj\u00e1ra k\u00e9pzeltem magam, a kapit\u00e1ny&#8230; Mit kapit\u00e1ny, egyenesen az admir\u00e1lis sz\u00e9k\u00e9be, m\u00e1skor r\u00e9g elfeledett, rozsd\u00e1s, kopott, de az\u00e9rt nagy m\u0171lt\u00fa \u0171rhaj\u00f3k fed\u00e9lzet\u00e9n mened\u00e9ket keres\u0151 kalandornak.<\/p>\n\n\n\n<p>Egy\u00e9bk\u00e9nt sok\u00e1ig ink\u00e1bb olvas\u00f3 voltam, mint valaki, aki \u00edr\u00e1ssal pr\u00f3b\u00e1lkozik. \u00cdr\u00f3nak nem merem nevezni magam, majd legfeljebb akkor, ha legal\u00e1bb olyan \u00edr\u00f3i kvalit\u00e1sokkal rendelkezem majd, mint Cs\u00fcl\u00f6k, akinek nem kisebb remekm\u0171veket k\u00f6sz\u00f6nhet\u00fcnk, mint a H\u00e1rom test\u0151r Afrik\u00e1ban \u00e9s az El\u00e1tkozott part. Magasan van a l\u00e9c.<\/p>\n\n\n\n<p>Sz\u00f3val olvastam. Egyik els\u0151 \u00e9lm\u00e9nyem a Winnettou, hogy \u00e9n mit izgultam heteken \u00e1t! Old Shatterhand \u00e9s Winnettou voltak az els\u0151 h\u0151seim. Azt\u00e1n meg Zs\u00e1kos Bilb\u00f3, Zs\u00e1kos Frod\u00f3, Aragorn \u00e9s Gandalf! Meg Robert Jordan. K\u00e9s\u0151bb Z\u00e9ta volt nagy hat\u00e1ssal r\u00e1m, mert G\u00e1rdonyi k\u00e9pes volt \u00fagy kezdeni egy t\u00f6rt\u00e9netet, hogy <em>&#8222;\u00d6ltem. Embert \u00f6ltem, nem is egyet: sz\u00e1zat. Loptam is, csaltam is.&#8221;<\/em> De higyj\u00e9tek el, a L\u00e1thatatlan embert meg\u00e9ri sz\u00e1zszor is elolvasni!<\/p>\n\n\n\n<p>Legjobban az\u00e9rt mindig is sci-fit szerettem olvasni, az az \u00e9n vil\u00e1gom. Hari Seldon \u00e9s f\u0151leg R. Daneel Olivaw nagy k\u00f3p\u00e9k, t\u00f6bbek k\u00f6z\u00f6tt \u0151k \u00f6szt\u00f6n\u00f6ztek engem, hogy a kutatni kezdjem a &#8222;nagy k\u00e9pet&#8221;, az elk\u00e9pzelt univerzumok dinamik\u00e1j\u00e1t, politik\u00e1j\u00e1t \u00e9s \u00fagy \u00e1ltal\u00e1ban m\u0171k\u00f6d\u00e9s\u00e9t. Egy\u00e9bk\u00e9nt m\u00e1r h\u00fasz \u00e9vvel ezel\u0151tt is pr\u00f3b\u00e1ltam rendszertelen\u00fcl csoszogni az utc\u00e1n, \u00e9s ker\u00fcltem a dobhomokot.<\/p>\n\n\n\n<p>Egy\u00e9bk\u00e9nt szoftverfejleszt\u0151k\u00e9nt dolgozom. Valahol ez is \u00edr\u00e1s \u00e9s alkot\u00e1s. Szeretem is, fantasztikusan izgalmas, hogy egy \u00f6tletb\u0151l sz\u00fcletik valami m\u0171k\u00f6d\u0151, \u00e9l\u0151 dolog, szinte a semmib\u0151l. Lehunyom a szemem, \u00e9s l\u00e1tom magam el\u0151tt az architekt\u00far\u00e1t, mint egy l\u00e9legz\u0151 eg\u00e9szet. A k\u00f3dsorok, mint a sejtek, \u00fagy szervez\u0151dnek egyre komplexebb (\u00e9s ideges\u00edt\u0151 hib\u00e1kkal teli) rendszerr\u00e9.<\/p>\n\n\n\n<p>&#8230;<\/p>\n\n\n\n<p>T\u00f6bbsz\u00f6r is \u00fagy voltam vele, hogy most elkezdek \u00edrni. Sz\u00fclettek hosszabb-r\u00f6videbb \u00edr\u00e1saim, de a kezdeti lelkesed\u00e9s azt\u00e1n valahogy elillant. Nagyj\u00e1b\u00f3l abban az id\u0151ben, amikor a fiam sz\u00fcletett, valami bekattant, \u00e9s megint \u00edrni kezdtem, \u00e9s hosszabb-r\u00f6videbb sz\u00fcnetekkel, de kitartottam az \u00edr\u00e1s mellett.<\/p>\n\n\n\n<p>Persze \u00e9pp olyan hebehurgya m\u00f3don, mint ahogyan annak idej\u00e9n programozni kezdtem: \u00edrjunk mindj\u00e1rt oper\u00e1ci\u00f3s rendszert. Vagyis reg\u00e9nyt. Az gyorsan kider\u00fclt, hogy a reg\u00e9ny\u00edr\u00e1s nehezebb feladat, mint azt \u00e9n gondoltam, viszont \u00fajabb \u00e9s \u00fajabb \u00f6tletek jutottak az eszembe. A v\u00e9gs\u0151 l\u00f6k\u00e9st &#8211; ne tess\u00e9k ez\u00e9rt el\u00edt\u00e9lni &#8211; az Elite Dangerous univerzumban a Proteus Wave cs\u00fafos kudarca ut\u00e1n bek\u00f6sz\u00f6n\u00f6 v\u00e9res h\u00e1bor\u00fa adta meg. Egy \u00e9vvel k\u00e9s\u0151bb egy \u00fajabb er\u0151s impulzus \u00e9rt: feles\u00e9gem elunta, hogy \u00f6r\u00f6kk\u00e9 csak besz\u00e9lek az \u00edr\u00e1sr\u00f3l, ez\u00e9rt sz\u00fclet\u00e9snapom alkalm\u00e1b\u00f3l befizetett egy \u00edr\u00e1skurzusra.<\/p>\n\n\n\n<p>\u00dagyhogy \u00edrni kezdtem. R\u00f6vid karcolatokat \u00e9s novell\u00e1kat. Mintegy gyakorl\u00e1sk\u00e9nt a nagyok el\u0151tt. Eddig a legjobb \u00e9lm\u00e9ny, amit \u00edr\u00e1s k\u00f6zben \u00e1t\u00e9ltem az, amikor az els\u0151 szerepl\u0151m saj\u00e1t \u00e9letre kelt, \u00e9s a d\u00f6nt\u00e9seit m\u00e1r nem valami hom\u00e1lyos &#8222;\u00edr\u00f3i&#8221; akarat vezette, hanem saj\u00e1t akarattal rendelkez\u0151 individuumm\u00e1 v\u00e1lt. Az \u0151 neve egy\u00e9bk\u00e9nt Drake. Alig p\u00e1r perccel k\u00e9s\u0151bb megsz\u00fcletett Lina is, akinek a sz\u00fclet\u00e9se m\u00e9g csod\u00e1latosabb volt: \u0151 egy k\u00f3sza kis villan\u00e1s volt, de meg\u00e1ll\u00edtotta, \u00e9s kil\u00e9pett bel\u0151le, mert Drake-kel akart maradni.<\/p>\n\n\n\n<p>&#8230;<\/p>\n\n\n\n<p>Hogy mi\u00e9rt hoztam l\u00e9tre ezt az oldalt? Azt hiszem, az eg\u00e9sz Kosztol\u00e1nyi Dezs\u0151 hib\u00e1ja. Ezt \u00edrta:<\/p>\n\n\n\n<p class=\"has-text-align-center\"><em>Azok a k\u00f6nyvek, melyek k\u00f6nyvt\u00e1rad polcain szunnyadnak, m\u00e9g nem k\u00e9szek, v\u00e1zlatosak, magukban semmi \u00e9rtelm\u00fck. Ahhoz, hogy \u00e9rtelmet kapjanak, te kellesz, olvas\u00f3.<\/em><\/p>\n\n\n\n<p>Szeretn\u00e9m befejezni a t\u00f6rt\u00e9neteimet. \u00c9s ehhez bizony R\u00e1d van sz\u00fcks\u00e9gem, kedves Olvas\u00f3m!<\/p>\n","protected":false},"excerpt":{"rendered":"<p>Mindig is im\u00e1dtam t\u00f6rt\u00e9neteket mes\u00e9lni magamnak! N\u00e9ha menek\u00fcl\u00e9s volt a val\u00f3s\u00e1g el\u0151l, m\u00e1skor pedig egyszer\u0171en \u00e9rdekelt, hogyan is m\u0171k\u00f6dik az elk\u00e9pzelt vil\u00e1gom. Egy eg\u00e9sz univerzum! \u00c9s az \u0171rben, h\u00e1t persze, hogy az \u0171rben! Olykor csillog\u00f3, frissen \u00e9p\u00edtett hatalmas csatahaj\u00f3k h\u00eddj\u00e1ra k\u00e9pzeltem magam, a kapit\u00e1ny&#8230; Mit kapit\u00e1ny, egyenesen az admir\u00e1lis sz\u00e9k\u00e9be, m\u00e1skor r\u00e9g elfeledett, rozsd\u00e1s, kopott,<span class=\"excerpt-ellipsis\">&hellip;<\/span><\/p>\n","protected":false},"author":1,"featured_media":86,"parent":0,"menu_order":0,"comment_status":"closed","ping_status":"open","template":"","meta":{"_themeisle_gutenberg_block_has_review":false,"footnotes":""},"_links":{"self":[{"href":"https:\/\/stories.ahala.org\/index.php\/wp-json\/wp\/v2\/pages\/2"}],"collection":[{"href":"https:\/\/stories.ahala.org\/index.php\/wp-json\/wp\/v2\/pages"}],"about":[{"href":"https:\/\/stories.ahala.org\/index.php\/wp-json\/wp\/v2\/types\/page"}],"author":[{"embeddable":true,"href":"https:\/\/stories.ahala.org\/index.php\/wp-json\/wp\/v2\/users\/1"}],"replies":[{"embeddable":true,"href":"https:\/\/stories.ahala.org\/index.php\/wp-json\/wp\/v2\/comments?post=2"}],"version-history":[{"count":8,"href":"https:\/\/stories.ahala.org\/index.php\/wp-json\/wp\/v2\/pages\/2\/revisions"}],"predecessor-version":[{"id":109,"href":"https:\/\/stories.ahala.org\/index.php\/wp-json\/wp\/v2\/pages\/2\/revisions\/109"}],"wp:featuredmedia":[{"embeddable":true,"href":"https:\/\/stories.ahala.org\/index.php\/wp-json\/wp\/v2\/media\/86"}],"wp:attachment":[{"href":"https:\/\/stories.ahala.org\/index.php\/wp-json\/wp\/v2\/media?parent=2"}],"curies":[{"name":"wp","href":"https:\/\/api.w.org\/{rel}","templated":true}]}}