{"id":36,"date":"2024-04-14T14:26:14","date_gmt":"2024-04-14T14:26:14","guid":{"rendered":"https:\/\/stories.ahala.org\/?page_id=36"},"modified":"2024-04-14T19:30:15","modified_gmt":"2024-04-14T17:30:15","slug":"donation","status":"publish","type":"page","link":"https:\/\/stories.ahala.org\/index.php\/donation\/","title":{"rendered":"T\u00e1mogat\u00e1s"},"content":{"rendered":"\n<p>Minden karakteremhez k\u00fcl\u00f6nleges viszony f\u0171z, \u00e9s ez\u00e9rt szeretn\u00e9k minn\u00e9l t\u00f6bb t\u00f6rt\u00e9netet \u00e9s minn\u00e9l v\u00e1ltozatosabban elmes\u00e9lni r\u00f3luk, \u00e9s vel\u00fck. Sajnos azonban a lelkesed\u00e9s \u00e9s a motiv\u00e1ci\u00f3 \u00f6nmag\u00e1ban kev\u00e9s, vannak dolgok, amihez p\u00e9nzre is sz\u00fcks\u00e9g van. Szeretn\u00e9m az \u00edr\u00e1saimat nyomtatott form\u00e1ban is megjelentetni, \u00e9s r\u00e9g\u00f3ta fejlesztem egy szerepj\u00e1t\u00e9k \u00f6tlet\u00e9t, amit telefonon \u00e9s sz\u00e1m\u00edt\u00f3g\u00e9pen egyar\u00e1nt j\u00e1tszhattok. V\u00e9g\u00fcl, de nem utols\u00f3sorban szeretn\u00e9m \u00e9n magam is t\u00e1mogatni valamilyen form\u00e1ban azokat, akik tev\u00e9kenyen seg\u00edtettek abban, hogy ez az oldal l\u00e9trej\u00f6hessen.<\/p>\n\n\n\n<center class=\"mt-large mb-large\">\n<form action=\"https:\/\/www.paypal.com\/donate\" method=\"post\" target=\"_top\">\n<input type=\"hidden\" name=\"business\" value=\"N5HUTT9FRZJKC\" \/>\n<input type=\"hidden\" name=\"no_recurring\" value=\"0\" \/>\n<input type=\"hidden\" name=\"item_name\" value=\"Tetszettek a t\u00f6rt\u00e9neteim? Adom\u00e1nyoddal hozz\u00e1j\u00e1rulhatsz az oldal \u00fczemeltet\u00e9si k\u00f6lts\u00e9geihez, \u00e9s az \u00faj \u00edr\u00e1sokhoz!\" \/>\n<input type=\"hidden\" name=\"currency_code\" value=\"HUF\" \/>\n<input type=\"image\" src=\"https:\/\/www.paypalobjects.com\/en_US\/i\/btn\/btn_donateCC_LG.gif\" border=\"0\" name=\"submit\" title=\"PayPal - The safer, easier way to pay online!\" alt=\"Donate with PayPal button\" \/>\n<img loading=\"lazy\" decoding=\"async\" alt=\"\" border=\"0\" src=\"https:\/\/www.paypal.com\/en_HU\/i\/scr\/pixel.gif\" width=\"1\" height=\"1\" \/>\n<\/form>\n<\/center>\n\n\n\n<p>K\u00f6sz\u00f6n\u00f6m, hogy adom\u00e1nyoddal hozz\u00e1j\u00e1rulsz az oldal \u00fczemeltet\u00e9s\u00e9hez, \u00e9s a projektek megval\u00f3s\u00edt\u00e1s\u00e1hoz!<\/p>\n","protected":false},"excerpt":{"rendered":"<p>Minden karakteremhez k\u00fcl\u00f6nleges viszony f\u0171z, \u00e9s ez\u00e9rt szeretn\u00e9k minn\u00e9l t\u00f6bb t\u00f6rt\u00e9netet \u00e9s minn\u00e9l v\u00e1ltozatosabban elmes\u00e9lni r\u00f3luk, \u00e9s vel\u00fck. Sajnos azonban a lelkesed\u00e9s \u00e9s a motiv\u00e1ci\u00f3 \u00f6nmag\u00e1ban kev\u00e9s, vannak dolgok, amihez p\u00e9nzre is sz\u00fcks\u00e9g van. Szeretn\u00e9m az \u00edr\u00e1saimat nyomtatott form\u00e1ban is megjelentetni, \u00e9s r\u00e9g\u00f3ta fejlesztem egy szerepj\u00e1t\u00e9k \u00f6tlet\u00e9t, amit telefonon \u00e9s sz\u00e1m\u00edt\u00f3g\u00e9pen egyar\u00e1nt j\u00e1tszhattok. V\u00e9g\u00fcl, de<span class=\"excerpt-ellipsis\">&hellip;<\/span><\/p>\n","protected":false},"author":1,"featured_media":102,"parent":0,"menu_order":0,"comment_status":"closed","ping_status":"closed","template":"","meta":{"_themeisle_gutenberg_block_has_review":false,"footnotes":""},"_links":{"self":[{"href":"https:\/\/stories.ahala.org\/index.php\/wp-json\/wp\/v2\/pages\/36"}],"collection":[{"href":"https:\/\/stories.ahala.org\/index.php\/wp-json\/wp\/v2\/pages"}],"about":[{"href":"https:\/\/stories.ahala.org\/index.php\/wp-json\/wp\/v2\/types\/page"}],"author":[{"embeddable":true,"href":"https:\/\/stories.ahala.org\/index.php\/wp-json\/wp\/v2\/users\/1"}],"replies":[{"embeddable":true,"href":"https:\/\/stories.ahala.org\/index.php\/wp-json\/wp\/v2\/comments?post=36"}],"version-history":[{"count":7,"href":"https:\/\/stories.ahala.org\/index.php\/wp-json\/wp\/v2\/pages\/36\/revisions"}],"predecessor-version":[{"id":101,"href":"https:\/\/stories.ahala.org\/index.php\/wp-json\/wp\/v2\/pages\/36\/revisions\/101"}],"wp:featuredmedia":[{"embeddable":true,"href":"https:\/\/stories.ahala.org\/index.php\/wp-json\/wp\/v2\/media\/102"}],"wp:attachment":[{"href":"https:\/\/stories.ahala.org\/index.php\/wp-json\/wp\/v2\/media?parent=36"}],"curies":[{"name":"wp","href":"https:\/\/api.w.org\/{rel}","templated":true}]}}