{"id":43,"date":"2024-04-14T15:25:52","date_gmt":"2024-04-14T15:25:52","guid":{"rendered":"https:\/\/stories.ahala.org\/?page_id=43"},"modified":"2024-04-14T18:58:00","modified_gmt":"2024-04-14T16:58:00","slug":"kapcsolat","status":"publish","type":"page","link":"https:\/\/stories.ahala.org\/index.php\/kapcsolat\/","title":{"rendered":"Kapcsolat"},"content":{"rendered":"\n<p>Szeretn\u00e9l visszajelz\u00e9st adni, vagy csak k\u00edv\u00e1ncsi vagy valamire? \u00cdrj b\u00e1tra, igyekszem minn\u00e9l hamarabb v\u00e1laszolni a k\u00e9rd\u00e9seidre \u00e9s a felvet\u00e9seidre!<\/p>\n\n\n\n<figure class=\"wp-block-table mt-large\"><table><tbody><tr><td><div class=\"wpforms-container wpforms-container-full wpforms-render-modern\" id=\"wpforms-87\"><form id=\"wpforms-form-87\" class=\"wpforms-validate wpforms-form wpforms-ajax-form\" data-formid=\"87\" method=\"post\" enctype=\"multipart\/form-data\" action=\"\/index.php\/wp-json\/wp\/v2\/pages\/43\" data-token=\"8c3a3a4431f0232adbbdc62bfe4ddb2f\"><noscript class=\"wpforms-error-noscript\">Please enable JavaScript in your browser to complete this form.<\/noscript><div class=\"wpforms-hidden\" id=\"wpforms-error-noscript\">Please enable JavaScript in your browser to complete this form.<\/div><div class=\"wpforms-field-container\"><div id=\"wpforms-87-field_0-container\" class=\"wpforms-field wpforms-field-name\" data-field-id=\"0\"><label class=\"wpforms-field-label\" for=\"wpforms-87-field_0\">Neved <span class=\"wpforms-required-label\" aria-hidden=\"true\">*<\/span><\/label><input type=\"text\" id=\"wpforms-87-field_0\" class=\"wpforms-field-medium wpforms-field-required\" name=\"wpforms[fields][0]\" aria-errormessage=\"wpforms-87-field_0-error\" required><\/div><div id=\"wpforms-87-field_1-container\" class=\"wpforms-field wpforms-field-email\" data-field-id=\"1\"><label class=\"wpforms-field-label\" for=\"wpforms-87-field_1\">Email c\u00edmed <span class=\"wpforms-required-label\" aria-hidden=\"true\">*<\/span><\/label><input type=\"email\" id=\"wpforms-87-field_1\" class=\"wpforms-field-medium wpforms-field-required\" name=\"wpforms[fields][1]\" spellcheck=\"false\" aria-errormessage=\"wpforms-87-field_1-error\" required><\/div><div id=\"wpforms-87-field_2-container\" class=\"wpforms-field wpforms-field-textarea\" data-field-id=\"2\"><label class=\"wpforms-field-label\" for=\"wpforms-87-field_2\">\u00dczeneted<\/label><textarea id=\"wpforms-87-field_2\" class=\"wpforms-field-medium\" name=\"wpforms[fields][2]\" aria-errormessage=\"wpforms-87-field_2-error\" ><\/textarea><\/div><\/div><!-- .wpforms-field-container --><div class=\"wpforms-recaptcha-container wpforms-is-turnstile\" ><div class=\"g-recaptcha\" data-sitekey=\"0x4AAAAAAAXHTka6Ze3jvWVk\" data-action=\"FormID-87\"><\/div><input type=\"text\" name=\"g-recaptcha-hidden\" class=\"wpforms-recaptcha-hidden\" style=\"position:absolute!important;clip:rect(0,0,0,0)!important;height:1px!important;width:1px!important;border:0!important;overflow:hidden!important;padding:0!important;margin:0!important;\" data-rule-turnstile=\"1\"><\/div><div class=\"wpforms-submit-container\" ><input type=\"hidden\" name=\"wpforms[id]\" value=\"87\"><input type=\"hidden\" name=\"wpforms[author]\" value=\"1\"><button type=\"submit\" name=\"wpforms[submit]\" id=\"wpforms-submit-87\" class=\"wpforms-submit\" data-alt-text=\"K\u00fcld\u00e9s...\" data-submit-text=\"Mehet!\" aria-live=\"assertive\" value=\"wpforms-submit\">Mehet!<\/button><img loading=\"lazy\" decoding=\"async\" src=\"https:\/\/stories.ahala.org\/wp-content\/plugins\/wpforms-lite\/assets\/images\/submit-spin.svg\" class=\"wpforms-submit-spinner\" style=\"display: none;\" width=\"26\" height=\"26\" alt=\"Loading\"><\/div><\/form><\/div>  <!-- .wpforms-container --><\/td><\/tr><\/tbody><\/table><\/figure>\n","protected":false},"excerpt":{"rendered":"<p>Szeretn\u00e9l visszajelz\u00e9st adni, vagy csak k\u00edv\u00e1ncsi vagy valamire? \u00cdrj b\u00e1tra, igyekszem minn\u00e9l hamarabb v\u00e1laszolni a k\u00e9rd\u00e9seidre \u00e9s a felvet\u00e9seidre!<\/p>\n","protected":false},"author":1,"featured_media":63,"parent":0,"menu_order":0,"comment_status":"closed","ping_status":"closed","template":"","meta":{"_themeisle_gutenberg_block_has_review":false,"footnotes":""},"_links":{"self":[{"href":"https:\/\/stories.ahala.org\/index.php\/wp-json\/wp\/v2\/pages\/43"}],"collection":[{"href":"https:\/\/stories.ahala.org\/index.php\/wp-json\/wp\/v2\/pages"}],"about":[{"href":"https:\/\/stories.ahala.org\/index.php\/wp-json\/wp\/v2\/types\/page"}],"author":[{"embeddable":true,"href":"https:\/\/stories.ahala.org\/index.php\/wp-json\/wp\/v2\/users\/1"}],"replies":[{"embeddable":true,"href":"https:\/\/stories.ahala.org\/index.php\/wp-json\/wp\/v2\/comments?post=43"}],"version-history":[{"count":4,"href":"https:\/\/stories.ahala.org\/index.php\/wp-json\/wp\/v2\/pages\/43\/revisions"}],"predecessor-version":[{"id":92,"href":"https:\/\/stories.ahala.org\/index.php\/wp-json\/wp\/v2\/pages\/43\/revisions\/92"}],"wp:featuredmedia":[{"embeddable":true,"href":"https:\/\/stories.ahala.org\/index.php\/wp-json\/wp\/v2\/media\/63"}],"wp:attachment":[{"href":"https:\/\/stories.ahala.org\/index.php\/wp-json\/wp\/v2\/media?parent=43"}],"curies":[{"name":"wp","href":"https:\/\/api.w.org\/{rel}","templated":true}]}}